{"id":11,"date":"2025-12-08T15:58:51","date_gmt":"2025-12-08T14:58:51","guid":{"rendered":"https:\/\/www.guerande-camping.com\/?page_id=11"},"modified":"2026-01-30T10:05:50","modified_gmt":"2026-01-30T09:05:50","slug":"accueil","status":"publish","type":"page","link":"https:\/\/www.guerande-camping.com\/de\/","title":{"rendered":"Startseite"},"content":{"rendered":"","protected":false},"excerpt":{"rendered":"","protected":false},"author":2,"featured_media":0,"parent":0,"menu_order":0,"comment_status":"closed","ping_status":"closed","template":"page-d-accueil","meta":{"_acf_changed":false,"_seopress_robots_primary_cat":"","_seopress_titles_title":"Camping Gu\u00e9rande 4 \u00e9toiles avec Piscine","_seopress_titles_desc":"Bienvenue au Camping de l'\u00c9tang du Pays Blanc \u00e0 Gu\u00e9rande. Profitez d'un s\u00e9jour en Loire-Atlantique avec piscine, \u00e9tang, mini-ferme et mobil-homes.","_seopress_robots_index":"","_seopress_analysis_target_kw":"accueil,gu\u00e9rande,camping,\u00e9tang,pays,blanc,Loire-atlantique,piscine","_vp_format_video_url":"","_vp_image_focal_point":[],"footnotes":""},"class_list":["post-11","page","type-page","status-publish","hentry"],"acf":[],"_links":{"self":[{"href":"https:\/\/www.guerande-camping.com\/de\/wp-json\/wp\/v2\/pages\/11","targetHints":{"allow":["GET"]}}],"collection":[{"href":"https:\/\/www.guerande-camping.com\/de\/wp-json\/wp\/v2\/pages"}],"about":[{"href":"https:\/\/www.guerande-camping.com\/de\/wp-json\/wp\/v2\/types\/page"}],"author":[{"embeddable":true,"href":"https:\/\/www.guerande-camping.com\/de\/wp-json\/wp\/v2\/users\/2"}],"replies":[{"embeddable":true,"href":"https:\/\/www.guerande-camping.com\/de\/wp-json\/wp\/v2\/comments?post=11"}],"version-history":[{"count":2,"href":"https:\/\/www.guerande-camping.com\/de\/wp-json\/wp\/v2\/pages\/11\/revisions"}],"predecessor-version":[{"id":2371,"href":"https:\/\/www.guerande-camping.com\/de\/wp-json\/wp\/v2\/pages\/11\/revisions\/2371"}],"wp:attachment":[{"href":"https:\/\/www.guerande-camping.com\/de\/wp-json\/wp\/v2\/media?parent=11"}],"curies":[{"name":"wp","href":"https:\/\/api.w.org\/{rel}","templated":true}]}}