{"id":1902,"date":"2026-01-12T15:04:12","date_gmt":"2026-01-12T14:04:12","guid":{"rendered":"https:\/\/www.guerande-camping.com\/?page_id=1902"},"modified":"2026-02-16T14:00:47","modified_gmt":"2026-02-16T13:00:47","slug":"ungewohnliche-unterkunfte","status":"publish","type":"page","link":"https:\/\/www.guerande-camping.com\/de\/hebergements-insolites\/","title":{"rendered":"Ungew\u00f6hnliche Unterk\u00fcnfte"},"content":{"rendered":"<div class=\"wp-block-stackable-text stk-block-text stk-block stk-bc57d43\" id=\"vous-cherchez-un-hebergement-capable-daccueillir-toute-votre-tribu-sans-faire-de-compromis-sur-le-confort-notre-mobil-home-xxl-est-concu-specialement-pour-les-groupes-de-10-personnes-et-plus-avec-ses-chambres-spacieuses-sa-grande-piece-de-vie-et-sa-terrasse-conviviale-cest-loption-ideale-pour-vos-reunions-de-famille-ou-vos-sejours-entre-amis-a-deux-pas-de-la-baule-profitez-dun-espace-ou-chacun-trouve-sa-place\" data-block-id=\"bc57d43\"><p class=\"stk-block-text__text has-text-align-center\">Lust, die ausgetretenen Pfade zu verlassen? Lassen Sie sich von unserer gro\u00dfen Auswahl an ungew\u00f6hnlichen Unterk\u00fcnften verf\u00fchren. Vom Boh\u00e8me-Charme der <strong>Wohnwagen<\/strong> zur Abwechslung vom <strong>Tipi<\/strong>, Die Sch\u00fclerinnen und Sch\u00fcler haben die M\u00f6glichkeit, sich \u00fcber den Designkomfort der <strong>Tiny House<\/strong> oder die Originalit\u00e4t des <strong>Fass<\/strong>, gibt es f\u00fcr jeden Geschmack etwas. Perfekt f\u00fcr ein romantisches Wochenende oder eine \u00dcberraschung mit der Familie, unsere atypischen Unterk\u00fcnfte versprechen Ihnen einzigartige Erinnerungen ganz nah an der Natur. <a href=\"https:\/\/www.guerande-camping.com\/de\/teiche-von-sandun\/\" data-type=\"page\" data-id=\"935\">Natur<\/a>.<\/p><\/div>\n\n\n\n<div class=\"wp-block-stackable-icon-list stk-block-icon-list stk-block stk-34f505e\" data-block-id=\"34f505e\"><style>.stk-34f505e {--stk-icon-list-icon-size:5px !important;}<\/style><svg style=\"display:none\"><defs><g id=\"stk-icon-list__icon-svg-def-34f505e\"><svg xmlns=\"http:\/\/www.w3.org\/2000\/svg\" viewbox=\"0 0 512 512\"><path d=\"M256 512A256 256 0 1 0 256 0a256 256 0 1 0 0 512z\"\/><\/svg><\/g><\/defs><\/svg><ul class=\"stk-block-icon-list__ul stk-block-icon-list--column\">\n<li class=\"wp-block-stackable-icon-list-item stk-block-icon-list-item stk-block stk-72d3df6\" data-block-id=\"72d3df6\"><div class=\"stk-block-icon-list-item__content\"><span class=\"stk--svg-wrapper\"><div class=\"stk--inner-svg\"><svg aria-hidden=\"true\" width=\"32\" height=\"32\"><use xlink:href=\"#stk-icon-list__icon-svg-def-34f505e\"><\/use><\/svg><\/div><\/span><span class=\"stk-block-icon-list-item__text\"><strong>Komfort :<\/strong> Um die Authentizit\u00e4t zu bewahren, ist die <strong>TV ist nicht verf\u00fcgbar<\/strong> in einigen ungew\u00f6hnlichen Unterk\u00fcnften (\u00fcberpr\u00fcfen Sie die detaillierte Beschreibung).<\/span><\/div><\/li>\n\n\n\n<li class=\"wp-block-stackable-icon-list-item stk-block-icon-list-item stk-block stk-ff211ba\" data-block-id=\"ff211ba\"><div class=\"stk-block-icon-list-item__content\"><span class=\"stk--svg-wrapper\"><div class=\"stk--inner-svg\"><svg aria-hidden=\"true\" width=\"32\" height=\"32\"><use xlink:href=\"#stk-icon-list__icon-svg-def-34f505e\"><\/use><\/svg><\/div><\/span><span class=\"stk-block-icon-list-item__text\"><strong>Fahrzeug :<\/strong> Nur 1 Fahrzeug pro Stellplatz.<\/span><\/div><\/li>\n\n\n\n<li class=\"wp-block-stackable-icon-list-item stk-block-icon-list-item stk-block stk-9fbfe57\" data-block-id=\"9fbfe57\"><div class=\"stk-block-icon-list-item__content\"><span class=\"stk--svg-wrapper\"><div class=\"stk--inner-svg\"><svg aria-hidden=\"true\" width=\"32\" height=\"32\"><use xlink:href=\"#stk-icon-list__icon-svg-def-34f505e\"><\/use><\/svg><\/div><\/span><span class=\"stk-block-icon-list-item__text\"><strong>Tiere :<\/strong> \u26a0\ufe0f <strong>Wichtig :<\/strong> Unsere tierischen Freunde sind nur in den <strong>Tipi, Coco Sweet, Zigeunerwagen und Tiny<\/strong>. Sie sind verboten in <strong>Kotas, Barrel, Pod und H\u00fctten.<\/strong><\/span><\/div><\/li>\n<\/ul><\/div>\n\n\n\n<div class=\"wp-block-stackable-columns alignwide stk-block-columns stk-block stk-c0ce828\" data-block-id=\"c0ce828\"><div class=\"stk-row stk-inner-blocks stk-block-content stk-content-align stk-c0ce828-column alignwide\">\n<div class=\"wp-block-stackable-column stk-block-column stk-column stk-block stk-4abf864\" data-v=\"4\" data-block-id=\"4abf864\"><div class=\"stk-column-wrapper stk-block-column__content stk-container stk-4abf864-container stk--no-background stk--no-padding\"><div class=\"stk-block-content stk-inner-blocks stk-4abf864-inner-blocks\">\n<div class=\"wp-block-stackable-button-group stk-block-button-group stk-block stk-fc8aaba\" data-block-id=\"fc8aaba\"><div class=\"stk-row stk-inner-blocks has-text-align-center stk-block-content stk-button-group\">\n<div class=\"wp-block-stackable-button stk-block-button has-text-align-center stk-block stk-afb5cab\" data-block-id=\"afb5cab\"><style>.stk-afb5cab {border-top-left-radius:8px !important;border-top-right-radius:8px !important;border-bottom-right-radius:8px !important;border-bottom-left-radius:8px !important;overflow:hidden !important;padding-top:var(--stk--preset--spacing--none, 0px) !important;padding-right:var(--stk--preset--spacing--none, 0px) !important;padding-bottom:var(--stk--preset--spacing--none, 0px) !important;padding-left:var(--stk--preset--spacing--none, 0px) !important;}.stk-afb5cab .stk-button{padding-top:15px !important;padding-right:var(--stk--preset--spacing--60, clamp(30px, 7vw, 70px)) !important;padding-bottom:15px !important;padding-left:var(--stk--preset--spacing--60, clamp(30px, 7vw, 70px)) !important;background:#ccd5ae !important;}.stk-afb5cab .stk-button__inner-text{color:#141414 !important;font-weight:700 !important;text-transform:uppercase !important;font-family:\"Poppins\", Sans-serif !important;letter-spacing:2px !important;}<\/style><a class=\"stk-link stk-button stk--hover-effect-darken\" href=\"https:\/\/www.guerande-camping.com\/wp-content\/uploads\/2026\/02\/inventaire-2026-guerande-1.pdf\" target=\"_blank\" rel=\"noreferrer noopener\"><span class=\"has-text-color stk-button__inner-text\">Inventar<\/span><\/a><\/div>\n<\/div><\/div>\n<\/div><\/div><\/div>\n<\/div><\/div>\n\n\n\n<div class=\"wp-block-stackable-columns alignfull stk-block-columns stk-block stk-dcb5698 stk-block-background stk--has-background-overlay\" data-block-id=\"dcb5698\"><style>.stk-dcb5698 .stk--block-align-dcb5698{align-items:center !important;}.stk-dcb5698 {background-color:#fffffe !important;background-image:url(https:\/\/www.guerande-camping.com\/wp-content\/uploads\/2025\/12\/Group-50.png) !important;background-attachment:fixed !important;background-position:center right !important;background-repeat:no-repeat !important;background-size:45% !important;align-items:center !important;padding-top:var(--stk--preset--spacing--50, clamp(30px, 5vw, 50px)) !important;padding-bottom:var(--stk--preset--spacing--50, clamp(30px, 5vw, 50px)) !important;margin-bottom:0px !important;display:flex !important;}.stk-dcb5698:before{background-color:#fffffe !important;opacity:0 !important;}.stk-dcb5698-column{max-width:1280px !important;min-width:auto !important;}<\/style><div class=\"stk-row stk-inner-blocks stk--block-align-dcb5698 stk-block-content stk-content-align stk-dcb5698-column alignfull\">\n<div class=\"wp-block-stackable-column stk-block-column stk-column stk-block stk-c644c80\" data-v=\"4\" data-block-id=\"c644c80\"><style>.stk-c644c80 {align-self:center !important;}.stk-c644c80-inner-blocks{justify-content:center !important;}<\/style><div class=\"stk-column-wrapper stk-block-column__content stk-container stk-c644c80-container stk--no-background stk--no-padding\"><div class=\"stk--column-flex stk-block-content stk-inner-blocks stk-c644c80-inner-blocks\"><p data-block-type=\"core\"><filters-app producttype=\"insolite\" people=\"all\" spa=\"false\" pmr=\"false\" lavevaisselle=\"false\"><\/filters-app><\/p>\n<\/div><\/div><\/div>\n<\/div><\/div>\n\n\n\n<div class=\"wp-block-stackable-columns stk-block-columns stk-block stk-d3193d5\" data-block-id=\"d3193d5\"><div class=\"stk-row stk-inner-blocks stk-block-content stk-content-align stk-d3193d5-column\">\n<div class=\"wp-block-stackable-column stk-block-column stk-column stk-block stk-3772420\" data-v=\"4\" data-block-id=\"3772420\"><style>@media screen and (min-width: 768px){.stk-3772420 {flex:var(--stk-flex-grow, 1) 1 25% !important;}}<\/style><div class=\"stk-column-wrapper stk-block-column__content stk-container stk-3772420-container stk--no-background stk--no-padding\"><div class=\"stk-block-content stk-inner-blocks stk-3772420-inner-blocks\">\n<div class=\"wp-block-stackable-image stk-block-image stk-block stk-f74a8df\" data-block-id=\"f74a8df\"><style>.stk-f74a8df .stk-img-wrapper{width:50% !important;height:162px !important;}<\/style><figure><span class=\"stk-img-wrapper stk-image--shape-stretch\"><img alt=\"Blasen\" loading=\"lazy\" decoding=\"async\" class=\"stk-img wp-image-1919\" src=\"https:\/\/www.guerande-camping.com\/wp-content\/uploads\/2026\/01\/Group.png\" width=\"161\" height=\"192\" srcset=\"https:\/\/www.guerande-camping.com\/wp-content\/uploads\/2026\/01\/Group.png 161w, https:\/\/www.guerande-camping.com\/wp-content\/uploads\/2026\/01\/Group-10x12.png 10w\" sizes=\"auto, (max-width: 161px) 100vw, 161px\" \/><\/span><\/figure><\/div>\n<\/div><\/div><\/div>\n\n\n\n<div class=\"wp-block-stackable-column stk-block-column stk-column stk-block stk-29f92e8\" data-v=\"4\" data-block-id=\"29f92e8\"><style>@media screen and (min-width: 768px){.stk-29f92e8 {flex:var(--stk-flex-grow, 1) 1 50% !important;}}<\/style><div class=\"stk-column-wrapper stk-block-column__content stk-container stk-29f92e8-container stk--no-background stk--no-padding\"><div class=\"stk-block-content stk-inner-blocks stk-29f92e8-inner-blocks\"><\/div><\/div><\/div>\n\n\n\n<div class=\"wp-block-stackable-column stk-block-column stk-column stk-block stk-2d72776\" data-v=\"4\" data-block-id=\"2d72776\"><style>@media screen and (min-width: 768px){.stk-2d72776 {flex:var(--stk-flex-grow, 1) 1 25% !important;}}<\/style><div class=\"stk-column-wrapper stk-block-column__content stk-container stk-2d72776-container stk--no-background stk--no-padding\"><div class=\"stk-block-content stk-inner-blocks stk-2d72776-inner-blocks\"><\/div><\/div><\/div>\n<\/div><\/div>","protected":false},"excerpt":{"rendered":"<p>Envie de sortir des sentiers battus ? Laissez-vous s\u00e9duire par notre large gamme d&rsquo;h\u00e9bergements insolites. Du charme boh\u00e8me de la Roulotte au d\u00e9paysement du Tipi, en passant par le confort design de la Tiny House ou l&rsquo;originalit\u00e9 du Barrel, il y en a pour tous les go\u00fbts. Parfait pour un week-end romantique ou une surprise [&hellip;]<\/p>\n","protected":false},"author":2,"featured_media":1549,"parent":0,"menu_order":0,"comment_status":"closed","ping_status":"closed","template":"","meta":{"_acf_changed":false,"_seopress_robots_primary_cat":"","_seopress_titles_title":"Dormir dans un Insolite \u00e0 Gu\u00e9rande","_seopress_titles_desc":"Vivez une nuit insolite \u00e0 Gu\u00e9rande ! Roulottes, Tipis, Coco Sweet, Barrels ou Cabanes : choisissez une location atypique pour vos vacances.","_seopress_robots_index":"","_seopress_analysis_target_kw":"insolite,hebergements,locations,insolites,gu\u00e9rande","_vp_format_video_url":"","_vp_image_focal_point":[],"footnotes":""},"class_list":["post-1902","page","type-page","status-publish","has-post-thumbnail","hentry"],"acf":[],"_links":{"self":[{"href":"https:\/\/www.guerande-camping.com\/de\/wp-json\/wp\/v2\/pages\/1902","targetHints":{"allow":["GET"]}}],"collection":[{"href":"https:\/\/www.guerande-camping.com\/de\/wp-json\/wp\/v2\/pages"}],"about":[{"href":"https:\/\/www.guerande-camping.com\/de\/wp-json\/wp\/v2\/types\/page"}],"author":[{"embeddable":true,"href":"https:\/\/www.guerande-camping.com\/de\/wp-json\/wp\/v2\/users\/2"}],"replies":[{"embeddable":true,"href":"https:\/\/www.guerande-camping.com\/de\/wp-json\/wp\/v2\/comments?post=1902"}],"version-history":[{"count":11,"href":"https:\/\/www.guerande-camping.com\/de\/wp-json\/wp\/v2\/pages\/1902\/revisions"}],"predecessor-version":[{"id":2759,"href":"https:\/\/www.guerande-camping.com\/de\/wp-json\/wp\/v2\/pages\/1902\/revisions\/2759"}],"wp:featuredmedia":[{"embeddable":true,"href":"https:\/\/www.guerande-camping.com\/de\/wp-json\/wp\/v2\/media\/1549"}],"wp:attachment":[{"href":"https:\/\/www.guerande-camping.com\/de\/wp-json\/wp\/v2\/media?parent=1902"}],"curies":[{"name":"wp","href":"https:\/\/api.w.org\/{rel}","templated":true}]}}