{"id":1769,"date":"2026-01-09T12:05:46","date_gmt":"2026-01-09T11:05:46","guid":{"rendered":"https:\/\/www.guerande-camping.com\/?page_id=1769"},"modified":"2026-01-30T09:34:46","modified_gmt":"2026-01-30T08:34:46","slug":"new-in-2026","status":"publish","type":"page","link":"https:\/\/www.guerande-camping.com\/en\/nouveautes-2026\/","title":{"rendered":"What's new in 2026"},"content":{"rendered":"<div class=\"wp-block-stackable-heading stk-block-heading stk-block-heading--v2 stk-block stk-e658bc1\" id=\"nouveautes-2026-le-paradis-des-enfants-sagrandit\" data-block-id=\"e658bc1\"><h2 class=\"stk-block-heading__text\">New for 2026: Children's paradise is getting bigger!<\/h2><\/div>\n\n\n\n<div class=\"wp-block-stackable-text stk-block-text stk-block stk-2e6e713\" id=\"nouveautes-2026-le-paradis-des-enfants-sagrandit\" data-block-id=\"2e6e713\"><p class=\"stk-block-text__text\"><strong>Get ready for an unforgettable summer of 2026 in Gu\u00e9rande.<\/strong> At Camping de l'\u00c9tang du Pays Blanc, we want your children to flourish. For this new season, we have come up with a <strong>any <a href=\"https:\/\/www.guerande-camping.com\/en\/play-areas\/\" data-type=\"page\" data-id=\"980\">new play area<\/a>x giant<\/strong> designed for little adventurers and thrill-seekers!<\/p><\/div>\n\n\n\n<div class=\"wp-block-stackable-columns alignfull stk-block-columns stk-block stk-dcb5698 stk-block-background stk--has-background-overlay\" data-block-id=\"dcb5698\"><style>.stk-dcb5698 .stk--block-align-dcb5698{align-items:center !important;}.stk-dcb5698 {background-color:#fffffe !important;background-image:url(https:\/\/www.guerande-camping.com\/wp-content\/uploads\/2025\/12\/Group-50.png) !important;background-attachment:fixed !important;background-position:center left !important;background-repeat:no-repeat !important;background-size:45% !important;align-items:center !important;padding-top:var(--stk--preset--spacing--50, clamp(30px, 5vw, 50px)) !important;padding-bottom:var(--stk--preset--spacing--50, clamp(30px, 5vw, 50px)) !important;margin-bottom:0px !important;display:flex !important;}.stk-dcb5698:before{background-color:#fffffe !important;opacity:0 !important;}<\/style><div class=\"stk-row stk-inner-blocks stk--block-align-dcb5698 stk-block-content stk-content-align stk-dcb5698-column alignwide\">\n<div class=\"wp-block-stackable-column stk-block-column stk-column stk-block stk-c644c80\" data-v=\"4\" data-block-id=\"c644c80\"><style>.stk-c644c80 {align-self:center !important;align-items:center !important;display:flex !important;}.stk-c644c80-inner-blocks{align-items:center !important;justify-content:center !important;}@media screen and (min-width: 768px){.stk-c644c80 {flex:var(--stk-flex-grow, 1) 1 calc(28% - var(--stk-column-gap, 0px) * 2 \/ 3 ) !important;}}<\/style><div class=\"stk-column-wrapper stk-block-column__content stk-container stk-c644c80-container stk--no-background stk--no-padding\"><div class=\"stk--column-flex stk-block-content stk-inner-blocks stk-c644c80-inner-blocks\">\n<div class=\"wp-block-stackable-image stk-block-image stk-block stk-f84d6e4\" data-block-id=\"f84d6e4\"><style>.stk-f84d6e4 {border-top-left-radius:50px !important;border-bottom-right-radius:50px !important;overflow:hidden !important;box-shadow:2px 2px 5px 0px #00000070 !important;}.stk-f84d6e4 .stk-img-wrapper{aspect-ratio:1\/1 !important;width:100% !important;height:auto !important;}@media screen and (max-width: 1023px){.stk-f84d6e4 .stk-img-wrapper{height:auto !important;}}@media screen and (max-width: 767px){.stk-f84d6e4 .stk-img-wrapper{height:auto !important;}}<\/style><figure><span class=\"stk-img-wrapper stk-image--shape-stretch\"><img alt=\"spider pyramid, children&#039;s playground\" loading=\"lazy\" decoding=\"async\" class=\"stk-img wp-image-1790\" src=\"https:\/\/www.guerande-camping.com\/wp-content\/uploads\/2026\/01\/piramide_resultat.webp\" width=\"1000\" height=\"710\" srcset=\"https:\/\/www.guerande-camping.com\/wp-content\/uploads\/2026\/01\/piramide_resultat.webp 1000w, https:\/\/www.guerande-camping.com\/wp-content\/uploads\/2026\/01\/piramide_resultat-300x213.webp 300w, https:\/\/www.guerande-camping.com\/wp-content\/uploads\/2026\/01\/piramide_resultat-768x545.webp 768w, https:\/\/www.guerande-camping.com\/wp-content\/uploads\/2026\/01\/piramide_resultat-500x355.webp 500w, https:\/\/www.guerande-camping.com\/wp-content\/uploads\/2026\/01\/piramide_resultat-800x568.webp 800w\" sizes=\"auto, (max-width: 1000px) 100vw, 1000px\" \/><\/span><\/figure><\/div>\n\n\n\n<div class=\"wp-block-stackable-image stk-block-image stk-block stk-f3edb65\" data-block-id=\"f3edb65\"><style>.stk-f3edb65 {border-top-left-radius:50px !important;border-bottom-right-radius:50px !important;overflow:hidden !important;box-shadow:2px 2px 5px 0px #00000070 !important;}.stk-f3edb65 .stk-img-wrapper{aspect-ratio:1\/1 !important;width:100% !important;height:auto !important;}@media screen and (max-width: 1023px){.stk-f3edb65 .stk-img-wrapper{height:auto !important;}}@media screen and (max-width: 767px){.stk-f3edb65 .stk-img-wrapper{height:auto !important;}}<\/style><figure><span class=\"stk-img-wrapper stk-image--shape-stretch\"><img alt=\"new children&#039;s play area\" loading=\"lazy\" decoding=\"async\" class=\"stk-img wp-image-1787\" src=\"https:\/\/www.guerande-camping.com\/wp-content\/uploads\/2026\/01\/Jeux-exterieurs_resultat.webp\" width=\"1000\" height=\"600\" srcset=\"https:\/\/www.guerande-camping.com\/wp-content\/uploads\/2026\/01\/Jeux-exterieurs_resultat.webp 1000w, https:\/\/www.guerande-camping.com\/wp-content\/uploads\/2026\/01\/Jeux-exterieurs_resultat-300x180.webp 300w, https:\/\/www.guerande-camping.com\/wp-content\/uploads\/2026\/01\/Jeux-exterieurs_resultat-768x461.webp 768w, https:\/\/www.guerande-camping.com\/wp-content\/uploads\/2026\/01\/Jeux-exterieurs_resultat-500x300.webp 500w, https:\/\/www.guerande-camping.com\/wp-content\/uploads\/2026\/01\/Jeux-exterieurs_resultat-800x480.webp 800w\" sizes=\"auto, (max-width: 1000px) 100vw, 1000px\" \/><\/span><\/figure><\/div>\n<\/div><\/div><\/div>\n\n\n\n<div class=\"wp-block-stackable-column stk-block-column stk-column stk-block stk-9fe41cb\" data-v=\"4\" data-block-id=\"9fe41cb\"><style>.stk-9fe41cb {align-self:center !important;align-items:center !important;display:flex !important;}.stk-9fe41cb-inner-blocks{align-items:center !important;justify-content:center !important;}@media screen and (min-width: 768px){.stk-9fe41cb {flex:var(--stk-flex-grow, 1) 1 calc(28% - var(--stk-column-gap, 0px) * 2 \/ 3 ) !important;}}<\/style><div class=\"stk-column-wrapper stk-block-column__content stk-container stk-9fe41cb-container stk--no-background stk--no-padding\"><div class=\"stk--column-flex stk-block-content stk-inner-blocks stk-9fe41cb-inner-blocks\">\n<div class=\"wp-block-stackable-image stk-block-image stk-block stk-f42ed9d\" data-block-id=\"f42ed9d\"><style>.stk-f42ed9d {border-top-left-radius:50px !important;border-bottom-right-radius:50px !important;overflow:hidden !important;box-shadow:2px 2px 5px 0px #00000070 !important;}.stk-f42ed9d .stk-img-wrapper{aspect-ratio:1\/1 !important;width:100% !important;height:auto !important;}@media screen and (max-width: 1023px){.stk-f42ed9d .stk-img-wrapper{height:auto !important;}}@media screen and (max-width: 767px){.stk-f42ed9d .stk-img-wrapper{height:auto !important;}}<\/style><figure><span class=\"stk-img-wrapper stk-image--shape-stretch\"><img alt=\"outdoor water slide\" loading=\"lazy\" decoding=\"async\" class=\"stk-img wp-image-1788\" src=\"https:\/\/www.guerande-camping.com\/wp-content\/uploads\/2026\/01\/photo-acquaframe_resultat.webp\" width=\"1000\" height=\"630\" srcset=\"https:\/\/www.guerande-camping.com\/wp-content\/uploads\/2026\/01\/photo-acquaframe_resultat.webp 1000w, https:\/\/www.guerande-camping.com\/wp-content\/uploads\/2026\/01\/photo-acquaframe_resultat-300x189.webp 300w, https:\/\/www.guerande-camping.com\/wp-content\/uploads\/2026\/01\/photo-acquaframe_resultat-768x484.webp 768w, https:\/\/www.guerande-camping.com\/wp-content\/uploads\/2026\/01\/photo-acquaframe_resultat-500x315.webp 500w, https:\/\/www.guerande-camping.com\/wp-content\/uploads\/2026\/01\/photo-acquaframe_resultat-800x504.webp 800w\" sizes=\"auto, (max-width: 1000px) 100vw, 1000px\" \/><\/span><\/figure><\/div>\n\n\n\n<div class=\"wp-block-stackable-image stk-block-image stk-block stk-1480558\" data-block-id=\"1480558\"><style>.stk-1480558 {border-top-left-radius:50px !important;border-bottom-right-radius:50px !important;overflow:hidden !important;box-shadow:2px 2px 5px 0px #00000070 !important;}.stk-1480558 .stk-img-wrapper{aspect-ratio:1\/1 !important;width:100% !important;height:auto !important;}@media screen and (max-width: 1023px){.stk-1480558 .stk-img-wrapper{height:auto !important;}}@media screen and (max-width: 767px){.stk-1480558 .stk-img-wrapper{height:auto !important;}}<\/style><figure><span class=\"stk-img-wrapper stk-image--shape-stretch\"><img alt=\"zip lines, new for 2026 at the campsite de l&#039;\u00e9tang\" loading=\"lazy\" decoding=\"async\" class=\"stk-img wp-image-1791\" src=\"https:\/\/www.guerande-camping.com\/wp-content\/uploads\/2026\/01\/tyrolienne-2_resultat.webp\" width=\"1000\" height=\"500\" srcset=\"https:\/\/www.guerande-camping.com\/wp-content\/uploads\/2026\/01\/tyrolienne-2_resultat.webp 1000w, https:\/\/www.guerande-camping.com\/wp-content\/uploads\/2026\/01\/tyrolienne-2_resultat-300x150.webp 300w, https:\/\/www.guerande-camping.com\/wp-content\/uploads\/2026\/01\/tyrolienne-2_resultat-768x384.webp 768w, https:\/\/www.guerande-camping.com\/wp-content\/uploads\/2026\/01\/tyrolienne-2_resultat-500x250.webp 500w, https:\/\/www.guerande-camping.com\/wp-content\/uploads\/2026\/01\/tyrolienne-2_resultat-800x400.webp 800w\" sizes=\"auto, (max-width: 1000px) 100vw, 1000px\" \/><\/span><\/figure><\/div>\n<\/div><\/div><\/div>\n\n\n\n<div class=\"wp-block-stackable-column stk-block-column stk-column stk-block stk-8c98049\" data-v=\"4\" data-block-id=\"8c98049\"><style>.stk-8c98049 {align-self:center !important;}.stk-8c98049-inner-blocks{justify-content:center !important;}@media screen and (min-width: 768px){.stk-8c98049 {flex:var(--stk-flex-grow, 1) 1 calc(44% - var(--stk-column-gap, 0px) * 2 \/ 3 ) !important;}}<\/style><div class=\"stk-column-wrapper stk-block-column__content stk-container stk-8c98049-container stk--no-background stk--no-padding\"><div class=\"stk--column-flex stk-block-content stk-inner-blocks stk-8c98049-inner-blocks\">\n<div class=\"wp-block-stackable-heading stk-block-heading stk-block-heading--v2 stk-block stk-cf14e77\" id=\"\ud83c\udfa2-quatre-nouvelles-pepites-pour-samuser-sans-fin\" data-block-id=\"cf14e77\"><style>.stk-cf14e77 {margin-bottom:var(--stk--preset--spacing--40, 30px) !important;}.stk-cf14e77 .stk-block-heading__text{font-size:3.1rem !important;color:#1b4353 !important;font-family:\"Redressed\", Sans-serif !important;}@media screen and (max-width: 1023px){.stk-cf14e77 .stk-block-heading__text{font-size:3.1rem !important;}}<\/style><style class=\"stk-custom-css\">.stk-cf14e77.stk-block-heading .text-style{display:block !important;font-family:\"Redressed\",sans-serif !important;font-size:4.7rem !important;padding-left:80px !important;text-transform:none !important;margin-top:-10px !important}<\/style><h2 class=\"stk-block-heading__text has-text-color\">\ud83c\udfa2 Four new nuggets for endless fun<\/h2><\/div>\n\n\n\n<div class=\"wp-block-stackable-text stk-block-text stk-block stk-646f0c5\" data-block-id=\"646f0c5\"><style>.stk-646f0c5 {align-items:center !important;display:flex !important;}.stk-646f0c5 .stk-block-text__text{font-size:1rem !important;font-weight:400 !important;font-family:\"Poppins\", Sans-serif !important;}@media screen and (max-width: 1023px){.stk-646f0c5 .stk-block-text__text{font-size:1rem !important;}}<\/style><p class=\"stk-block-text__text\">Discover the facilities that will make your stay unforgettable:<\/p><\/div>\n\n\n\n<div class=\"wp-block-stackable-text stk-block-text stk-block stk-69e35cd\" data-block-id=\"69e35cd\"><p class=\"stk-block-text__text\"><strong>\ud83d\udd77\ufe0f The Spider's Web<\/strong><\/p><\/div>\n\n\n\n<div class=\"wp-block-stackable-text stk-block-text stk-block stk-8cb7971\" data-block-id=\"8cb7971\"><p class=\"stk-block-text__text\"><strong>\u00abFor climbers in search of heights\u00bb.\u00bb<\/strong> A giant rope dome to test your agility and climb in complete safety. A breathtaking view of the campsite awaits those who reach the top!<\/p><\/div>\n\n\n\n<div class=\"wp-block-stackable-text stk-block-text stk-block stk-1e7c449\" data-block-id=\"1e7c449\"><p class=\"stk-block-text__text\"><strong>\ud83d\udca8 The Double Tyrolienne<\/strong><\/p><\/div>\n\n\n\n<div class=\"wp-block-stackable-text stk-block-text stk-block stk-2381732\" data-block-id=\"2381732\"><p class=\"stk-block-text__text\"><strong>Double the stakes, double the fun!<\/strong> What could be better than a suspended race through the air? With our double zip line, children can take off in pairs for memorable speed challenges.<\/p><\/div>\n\n\n\n<div class=\"wp-block-stackable-text stk-block-text stk-block stk-27b19cb\" data-block-id=\"27b19cb\"><p class=\"stk-block-text__text\"><strong>\ud83c\udff0 Le Super Toboggan<\/strong><\/p><\/div>\n\n\n\n<div class=\"wp-block-stackable-text stk-block-text stk-block stk-39bb50b\" data-block-id=\"39bb50b\"><p class=\"stk-block-text__text\"><strong>\u00abFor downhill enthusiasts\u00bb<\/strong> A multicoloured complex with tunnels, bridges and above all... endless slides. It's the official meeting point for all the friends at the campsite!<\/p><\/div>\n\n\n\n<div class=\"wp-block-stackable-text stk-block-text stk-block stk-d696147\" data-block-id=\"d696147\"><p class=\"stk-block-text__text\"><strong>\ud83c\udf0a The triple waterslide<\/strong><\/p><\/div>\n\n\n\n<div class=\"wp-block-stackable-text stk-block-text stk-block stk-0308f3f\" data-block-id=\"0308f3f\"><p class=\"stk-block-text__text\"><strong>\u00abReady for the big splash?\u00bb<\/strong><br>Calling all thrill-seekers! In 2026, Camping de l'\u00c9tang's aquatic area will be moving up a gear with our new <strong>Triple Slide <\/strong><a href=\"https:\/\/www.guerande-camping.com\/en\/aquatic-area\/\" data-type=\"page\" data-id=\"965\"><strong>Aquatic<\/strong>.<\/a><\/p><\/div>\n<\/div><\/div><\/div>\n<\/div><\/div>","protected":false},"excerpt":{"rendered":"<p>Nouveaut\u00e9s 2026 : Le paradis des enfants s&rsquo;agrandit ! Pr\u00e9parez-vous \u00e0 vivre un \u00e9t\u00e9 2026 inoubliable \u00e0 Gu\u00e9rande. Au Camping de l&rsquo;\u00c9tang du Pays Blanc, nous avons \u00e0 c\u0153ur de voir vos enfants s&rsquo;\u00e9panouir. Pour cette nouvelle saison, nous avons imagin\u00e9 une toute nouvelle aire de jeux g\u00e9ante con\u00e7ue pour les petits aventuriers et les [&hellip;]<\/p>\n","protected":false},"author":2,"featured_media":1787,"parent":0,"menu_order":0,"comment_status":"closed","ping_status":"closed","template":"","meta":{"_acf_changed":false,"_seopress_robots_primary_cat":"","_seopress_titles_title":"Nouveaut\u00e9s 2026 : Nouvelle Aire de Jeux au Camping","_seopress_titles_desc":"D\u00e9couvrez les nouveaut\u00e9s 2026 du Camping de l'\u00c9tang \u00e0 Gu\u00e9rande ! Nouvelle aire de jeux g\u00e9ante : super toboggan, double tyrolienne et toile d'araign\u00e9e.","_seopress_robots_index":"","_seopress_analysis_target_kw":"nouveaut\u00e9s,aire,jeux,toboggan,tyrolienne,camping","_vp_format_video_url":"","_vp_image_focal_point":[],"footnotes":""},"class_list":["post-1769","page","type-page","status-publish","has-post-thumbnail","hentry"],"acf":[],"_links":{"self":[{"href":"https:\/\/www.guerande-camping.com\/en\/wp-json\/wp\/v2\/pages\/1769","targetHints":{"allow":["GET"]}}],"collection":[{"href":"https:\/\/www.guerande-camping.com\/en\/wp-json\/wp\/v2\/pages"}],"about":[{"href":"https:\/\/www.guerande-camping.com\/en\/wp-json\/wp\/v2\/types\/page"}],"author":[{"embeddable":true,"href":"https:\/\/www.guerande-camping.com\/en\/wp-json\/wp\/v2\/users\/2"}],"replies":[{"embeddable":true,"href":"https:\/\/www.guerande-camping.com\/en\/wp-json\/wp\/v2\/comments?post=1769"}],"version-history":[{"count":5,"href":"https:\/\/www.guerande-camping.com\/en\/wp-json\/wp\/v2\/pages\/1769\/revisions"}],"predecessor-version":[{"id":2311,"href":"https:\/\/www.guerande-camping.com\/en\/wp-json\/wp\/v2\/pages\/1769\/revisions\/2311"}],"wp:featuredmedia":[{"embeddable":true,"href":"https:\/\/www.guerande-camping.com\/en\/wp-json\/wp\/v2\/media\/1787"}],"wp:attachment":[{"href":"https:\/\/www.guerande-camping.com\/en\/wp-json\/wp\/v2\/media?parent=1769"}],"curies":[{"name":"WordPress","href":"https:\/\/api.w.org\/{rel}","templated":true}]}}