{"id":2258,"date":"2026-01-26T17:05:00","date_gmt":"2026-01-26T16:05:00","guid":{"rendered":"https:\/\/www.guerande-camping.com\/?page_id=2258"},"modified":"2026-02-04T14:32:11","modified_gmt":"2026-02-04T13:32:11","slug":"pro-and-group-stay","status":"publish","type":"page","link":"https:\/\/www.guerande-camping.com\/en\/sejour-pro-et-groupe\/","title":{"rendered":"Pro and Group Stay"},"content":{"rendered":"<div class=\"wp-block-stackable-columns stk-block-columns stk-block stk-d7ffc92\" data-block-id=\"d7ffc92\"><style>.stk-d7ffc92 {margin-bottom:84px !important;}<\/style><div class=\"stk-row stk-inner-blocks stk-block-content stk-content-align stk-d7ffc92-column\">\n<div class=\"wp-block-stackable-column stk-block-column stk-column stk-block stk-bee818c\" data-v=\"4\" data-block-id=\"bee818c\"><div class=\"stk-column-wrapper stk-block-column__content stk-container stk-bee818c-container stk--no-background stk--no-padding\"><div class=\"stk-block-content stk-inner-blocks stk-bee818c-inner-blocks\">\n<div class=\"wp-block-stackable-image-box stk-block-image-box stk-hover-parent stk-block stk-f95f6bf is-style-plain\" data-block-id=\"f95f6bf\"><div class=\"stk-block-content stk-inner-blocks has-text-align-left stk-row stk-block-image-box__content\">\n<div class=\"wp-block-stackable-image stk-block-image has-text-align-center stk-block stk-612d82e\" data-block-id=\"612d82e\"><style>.stk-612d82e .stk-img-wrapper{aspect-ratio:1\/1 !important;width:580px !important;height:400px !important;}:where(.stk-hover-parent:hover,  .stk-hover-parent.stk--is-hovered) .stk-612d82e .stk-img-wrapper::after{background-color:#000000B3 !important;}:where(.stk-hover-parent:hover,  .stk-hover-parent.stk--is-hovered) .stk-612d82e .stk-img-wrapper{--stk-gradient-overlay:0.7 !important;}<\/style><figure><span class=\"stk-img-wrapper stk-image--shape-stretch\"><img loading=\"lazy\" decoding=\"async\" class=\"stk-img wp-image-1222\" src=\"https:\/\/www.guerande-camping.com\/wp-content\/uploads\/2025\/12\/photo-1788-42_w800_resultat.webp\" width=\"750\" height=\"1000\" alt=\"Professional stay in Gu\u00e9rande\" srcset=\"https:\/\/www.guerande-camping.com\/wp-content\/uploads\/2025\/12\/photo-1788-42_w800_resultat.webp 750w, https:\/\/www.guerande-camping.com\/wp-content\/uploads\/2025\/12\/photo-1788-42_w800_resultat-225x300.webp 225w, https:\/\/www.guerande-camping.com\/wp-content\/uploads\/2025\/12\/photo-1788-42_w800_resultat-500x667.webp 500w\" sizes=\"auto, (max-width: 750px) 100vw, 750px\" \/><\/span><\/figure><\/div>\n\n\n\n<div class=\"wp-block-stackable-column stk-block-column stk-column stk-block stk-57973af\" data-v=\"4\" data-block-id=\"57973af\"><style>.stk-57973af-inner-blocks{justify-content:flex-end !important;}.stk-57973af-container{padding-top:32px !important;padding-right:32px !important;padding-bottom:32px !important;padding-left:32px !important;display:flex !important;}<\/style><div class=\"stk-column-wrapper stk-block-column__content stk-container stk-57973af-container stk--no-background stk--no-padding\"><div class=\"stk-block-content stk-inner-blocks stk-57973af-inner-blocks\">\n<div class=\"wp-block-stackable-heading stk-block-heading stk-block-heading--v2 stk-block stk-dfe5413\" id=\"a-href-https-guerande-camping-ouestcommunication-com-logement-deplacement-professionnel-data-type-page-data-id-1014-logement-deplacement-professionnel-a\" data-block-id=\"dfe5413\"><style>.stk-dfe5413 {transform:translateY(32px) !important;}:where(.stk-hover-parent:hover,  .stk-hover-parent.stk--is-hovered) .stk-dfe5413{transform:translateY(0px) !important;}.stk-dfe5413 .stk-block-heading__text{color:#FFFFFF !important;}<\/style><h2 class=\"stk-block-heading__text has-text-color has-white-color\"><a href=\"https:\/\/www.guerande-camping.com\/en\/accommodation-for-business-travel\/\" data-type=\"page\" data-id=\"1014\">Accommodation Business travel<\/a><\/h2><\/div>\n\n\n\n<div class=\"wp-block-stackable-icon stk-block-icon stk-block stk-29aa3da\" data-block-id=\"29aa3da\"><style>.stk-29aa3da {opacity:0 !important;transform:translateY(-32px) !important;}:where(.stk-hover-parent:hover,  .stk-hover-parent.stk--is-hovered) .stk-29aa3da{opacity:1 !important;transform:translateY(0px) !important;}.stk-29aa3da .stk--svg-wrapper .stk--inner-svg svg:last-child, .stk-29aa3da .stk--svg-wrapper .stk--inner-svg svg:last-child :is(g, path, rect, polygon, ellipse){fill:#FFFFFF !important;}<\/style><span class=\"stk--svg-wrapper\"><div class=\"stk--inner-svg\"><svg style=\"height:0;width:0\"><defs><lineargradient id=\"linear-gradient-29aa3da\" x1=\"0\" x2=\"100%\" y1=\"0\" y2=\"0\"><stop offset=\"0%\" style=\"stop-opacity:1;stop-color:var(--linear-gradient-29-aa-3-da-color-1)\"><\/stop><stop offset=\"100%\" style=\"stop-opacity:1;stop-color:var(--linear-gradient-29-aa-3-da-color-2)\"><\/stop><\/lineargradient><\/defs><\/svg><svg data-prefix=\"fas\" data-icon=\"arrow-right\" class=\"svg-inline--fa fa-arrow-right fa-w-14\" xmlns=\"http:\/\/www.w3.org\/2000\/svg\" viewbox=\"0 0 448 512\" aria-hidden=\"true\" width=\"32\" height=\"32\"><path fill=\"currentColor\" d=\"M190.5 66.9l22.2-22.2c9.4-9.4 24.6-9.4 33.9 0L441 239c9.4 9.4 9.4 24.6 0 33.9L246.6 467.3c-9.4 9.4-24.6 9.4-33.9 0l-22.2-22.2c-9.5-9.5-9.3-25 .4-34.3L311.4 296H24c-13.3 0-24-10.7-24-24v-32c0-13.3 10.7-24 24-24h287.4L190.9 101.2c-9.8-9.3-10-24.8-.4-34.3z\"><\/path><\/svg><\/div><\/span><\/div>\n<\/div><\/div><\/div>\n<\/div><a class=\"stk-link stk-block-link stk--transparent-overlay\" href=\"https:\/\/www.guerande-camping.com\/en\/accommodation-for-business-travel\/\"><\/a><\/div>\n<\/div><\/div><\/div>\n\n\n\n<div class=\"wp-block-stackable-column stk-block-column stk-column stk-block stk-a85c7a8\" data-v=\"4\" data-block-id=\"a85c7a8\"><div class=\"stk-column-wrapper stk-block-column__content stk-container stk-a85c7a8-container stk--no-background stk--no-padding\"><div class=\"stk-block-content stk-inner-blocks stk-a85c7a8-inner-blocks\">\n<div class=\"wp-block-stackable-image-box stk-block-image-box stk-hover-parent stk-block stk-345ef1e is-style-plain\" data-block-id=\"345ef1e\"><div class=\"stk-block-content stk-inner-blocks has-text-align-left stk-row stk-block-image-box__content\">\n<div class=\"wp-block-stackable-image stk-block-image has-text-align-center stk-block stk-d35eb77\" data-block-id=\"d35eb77\"><style>.stk-d35eb77 .stk-img-wrapper{aspect-ratio:1\/1 !important;width:580px !important;height:400px !important;}:where(.stk-hover-parent:hover,  .stk-hover-parent.stk--is-hovered) .stk-d35eb77 .stk-img-wrapper::after{background-color:#000000B3 !important;}:where(.stk-hover-parent:hover,  .stk-hover-parent.stk--is-hovered) .stk-d35eb77 .stk-img-wrapper{--stk-gradient-overlay:0.7 !important;}<\/style><figure><span class=\"stk-img-wrapper stk-image--shape-stretch\"><img loading=\"lazy\" decoding=\"async\" class=\"stk-img wp-image-1369\" src=\"https:\/\/www.guerande-camping.com\/wp-content\/uploads\/2025\/12\/Camping-de-l-etang-Guerande-groupes-associations-6-1_resultat.webp\" width=\"1000\" height=\"750\" alt=\"Professional stay in Gu\u00e9rande\" srcset=\"https:\/\/www.guerande-camping.com\/wp-content\/uploads\/2025\/12\/Camping-de-l-etang-Guerande-groupes-associations-6-1_resultat.webp 1000w, https:\/\/www.guerande-camping.com\/wp-content\/uploads\/2025\/12\/Camping-de-l-etang-Guerande-groupes-associations-6-1_resultat-300x225.webp 300w, https:\/\/www.guerande-camping.com\/wp-content\/uploads\/2025\/12\/Camping-de-l-etang-Guerande-groupes-associations-6-1_resultat-768x576.webp 768w, https:\/\/www.guerande-camping.com\/wp-content\/uploads\/2025\/12\/Camping-de-l-etang-Guerande-groupes-associations-6-1_resultat-500x375.webp 500w, https:\/\/www.guerande-camping.com\/wp-content\/uploads\/2025\/12\/Camping-de-l-etang-Guerande-groupes-associations-6-1_resultat-800x600.webp 800w\" sizes=\"auto, (max-width: 1000px) 100vw, 1000px\" \/><\/span><\/figure><\/div>\n\n\n\n<div class=\"wp-block-stackable-column stk-block-column stk-column stk-block stk-df7bcdd\" data-v=\"4\" data-block-id=\"df7bcdd\"><style>.stk-df7bcdd-inner-blocks{justify-content:flex-end !important;}.stk-df7bcdd-container{padding-top:32px !important;padding-right:32px !important;padding-bottom:32px !important;padding-left:32px !important;display:flex !important;}<\/style><div class=\"stk-column-wrapper stk-block-column__content stk-container stk-df7bcdd-container stk--no-background stk--no-padding\"><div class=\"stk-block-content stk-inner-blocks stk-df7bcdd-inner-blocks\">\n<div class=\"wp-block-stackable-heading stk-block-heading stk-block-heading--v2 stk-block stk-2e0abf8\" id=\"a-href-https-guerande-camping-ouestcommunication-com-accueil-de-groupe-data-type-page-data-id-1018-accueil-groupe-a\" data-block-id=\"2e0abf8\"><style>.stk-2e0abf8 {transform:translateY(32px) !important;}:where(.stk-hover-parent:hover,  .stk-hover-parent.stk--is-hovered) .stk-2e0abf8{transform:translateY(0px) !important;}.stk-2e0abf8 .stk-block-heading__text{color:#fffffe !important;}<\/style><h2 class=\"stk-block-heading__text has-text-color has-white-color\"><a href=\"https:\/\/www.guerande-camping.com\/en\/group-reception\/\" data-type=\"page\" data-id=\"1018\">Group home<\/a><\/h2><\/div>\n\n\n\n<div class=\"wp-block-stackable-icon stk-block-icon stk-block stk-a5c5e79\" data-block-id=\"a5c5e79\"><style>.stk-a5c5e79 {opacity:0 !important;transform:translateY(-32px) !important;}:where(.stk-hover-parent:hover,  .stk-hover-parent.stk--is-hovered) .stk-a5c5e79{opacity:1 !important;transform:translateY(0px) !important;}.stk-a5c5e79 .stk--svg-wrapper .stk--inner-svg svg:last-child, .stk-a5c5e79 .stk--svg-wrapper .stk--inner-svg svg:last-child :is(g, path, rect, polygon, ellipse){fill:#fffffe !important;}.stk-a5c5e79 .stk--svg-wrapper:hover .stk--inner-svg svg:last-child, .stk-a5c5e79 .stk--svg-wrapper:hover .stk--inner-svg svg:last-child :is(g, path, rect, polygon, ellipse){fill:#fffffe !important;}:where(.stk-hover-parent:hover,  .stk-hover-parent.stk--is-hovered) .stk-a5c5e79 .stk--svg-wrapper .stk--inner-svg svg:last-child,  :where(.stk-hover-parent:hover,  .stk-hover-parent.stk--is-hovered) .stk-a5c5e79 .stk--svg-wrapper .stk--inner-svg svg:last-child :is(g, path, rect, polygon, ellipse){fill:#fffffe !important;}<\/style><span class=\"stk--svg-wrapper\"><div class=\"stk--inner-svg\"><svg style=\"height:0;width:0\"><defs><lineargradient id=\"linear-gradient-a5c5e79\" x1=\"0\" x2=\"100%\" y1=\"0\" y2=\"0\"><stop offset=\"0%\" style=\"stop-opacity:1;stop-color:var(--linear-gradient-a-5-c-5-e-79-color-1)\"><\/stop><stop offset=\"100%\" style=\"stop-opacity:1;stop-color:var(--linear-gradient-a-5-c-5-e-79-color-2)\"><\/stop><\/lineargradient><\/defs><\/svg><svg data-prefix=\"fas\" data-icon=\"arrow-right\" class=\"svg-inline--fa fa-arrow-right fa-w-14\" xmlns=\"http:\/\/www.w3.org\/2000\/svg\" viewbox=\"0 0 448 512\" aria-hidden=\"true\" width=\"32\" height=\"32\"><path fill=\"currentColor\" d=\"M190.5 66.9l22.2-22.2c9.4-9.4 24.6-9.4 33.9 0L441 239c9.4 9.4 9.4 24.6 0 33.9L246.6 467.3c-9.4 9.4-24.6 9.4-33.9 0l-22.2-22.2c-9.5-9.5-9.3-25 .4-34.3L311.4 296H24c-13.3 0-24-10.7-24-24v-32c0-13.3 10.7-24 24-24h287.4L190.9 101.2c-9.8-9.3-10-24.8-.4-34.3z\"><\/path><\/svg><\/div><\/span><\/div>\n<\/div><\/div><\/div>\n<\/div><a class=\"stk-link stk-block-link stk--transparent-overlay\" href=\"https:\/\/www.guerande-camping.com\/en\/group-reception\/\"><\/a><\/div>\n<\/div><\/div><\/div>\n<\/div><\/div>\n\n\n\n<p data-block-type=\"core\"><\/p>","protected":false},"excerpt":{"rendered":"<p>Logement D\u00e9placement Professionnel Accueil Groupe<\/p>","protected":false},"author":2,"featured_media":1505,"parent":0,"menu_order":0,"comment_status":"closed","ping_status":"closed","template":"","meta":{"_acf_changed":false,"_seopress_robots_primary_cat":"","_seopress_titles_title":"Accueil pour d\u00e9placement professionnel et accueil de groupe","_seopress_titles_desc":"Organisez votre s\u00e9jour de groupe ou pro \u00e0 Gu\u00e9rande \u00e0 l\u2019\u00c9tang du Pays Blanc ! H\u00e9bergements spacieux, restauration et activit\u00e9s dans un cadre naturel.","_seopress_robots_index":"","_seopress_analysis_target_kw":"S\u00e9jour,Pro,Groupe,professionel","_vp_format_video_url":"","_vp_image_focal_point":[],"footnotes":""},"class_list":["post-2258","page","type-page","status-publish","has-post-thumbnail","hentry"],"acf":[],"_links":{"self":[{"href":"https:\/\/www.guerande-camping.com\/en\/wp-json\/wp\/v2\/pages\/2258","targetHints":{"allow":["GET"]}}],"collection":[{"href":"https:\/\/www.guerande-camping.com\/en\/wp-json\/wp\/v2\/pages"}],"about":[{"href":"https:\/\/www.guerande-camping.com\/en\/wp-json\/wp\/v2\/types\/page"}],"author":[{"embeddable":true,"href":"https:\/\/www.guerande-camping.com\/en\/wp-json\/wp\/v2\/users\/2"}],"replies":[{"embeddable":true,"href":"https:\/\/www.guerande-camping.com\/en\/wp-json\/wp\/v2\/comments?post=2258"}],"version-history":[{"count":7,"href":"https:\/\/www.guerande-camping.com\/en\/wp-json\/wp\/v2\/pages\/2258\/revisions"}],"predecessor-version":[{"id":2590,"href":"https:\/\/www.guerande-camping.com\/en\/wp-json\/wp\/v2\/pages\/2258\/revisions\/2590"}],"wp:featuredmedia":[{"embeddable":true,"href":"https:\/\/www.guerande-camping.com\/en\/wp-json\/wp\/v2\/media\/1505"}],"wp:attachment":[{"href":"https:\/\/www.guerande-camping.com\/en\/wp-json\/wp\/v2\/media?parent=2258"}],"curies":[{"name":"WordPress","href":"https:\/\/api.w.org\/{rel}","templated":true}]}}