{"id":861,"date":"2025-12-23T15:56:28","date_gmt":"2025-12-23T14:56:28","guid":{"rendered":"https:\/\/www.guerande-camping.com\/?page_id=861"},"modified":"2026-01-30T15:57:51","modified_gmt":"2026-01-30T14:57:51","slug":"fitness-room","status":"publish","type":"page","link":"https:\/\/www.guerande-camping.com\/en\/salle-de-fitness\/","title":{"rendered":"Discover our fitness centre in Loire Atlantique"},"content":{"rendered":"<div class=\"wp-block-stackable-columns alignfull stk-block-columns stk-block stk-dcb5698 stk-block-background stk--has-background-overlay\" data-block-id=\"dcb5698\"><style>.stk-dcb5698 .stk--block-align-dcb5698{align-items:center !important;}.stk-dcb5698 {background-color:#fffffe !important;background-image:url(https:\/\/www.guerande-camping.com\/wp-content\/uploads\/2025\/12\/Group-50.png) !important;background-attachment:fixed !important;background-position:center left !important;background-repeat:no-repeat !important;background-size:45% !important;align-items:center !important;padding-top:var(--stk--preset--spacing--50, clamp(30px, 5vw, 50px)) !important;padding-bottom:var(--stk--preset--spacing--50, clamp(30px, 5vw, 50px)) !important;margin-bottom:0px !important;display:flex !important;}.stk-dcb5698:before{background-color:#fffffe !important;opacity:0 !important;}<\/style><div class=\"stk-row stk-inner-blocks stk--block-align-dcb5698 stk-block-content stk-content-align stk-dcb5698-column alignwide\">\n<div class=\"wp-block-stackable-column stk-block-column stk-column stk-block stk-c644c80\" data-v=\"4\" data-block-id=\"c644c80\"><style>.stk-c644c80 {align-self:center !important;}.stk-c644c80-inner-blocks{justify-content:center !important;}<\/style><div class=\"stk-column-wrapper stk-block-column__content stk-container stk-c644c80-container stk--no-background stk--no-padding\"><div class=\"stk--column-flex stk-block-content stk-inner-blocks stk-c644c80-inner-blocks\">\n<div class=\"wp-block-stackable-image stk-block-image stk-block stk-f84d6e4\" data-block-id=\"f84d6e4\"><style>.stk-f84d6e4 {border-top-left-radius:50px !important;border-bottom-right-radius:50px !important;overflow:hidden !important;box-shadow:2px 2px 5px 0px #00000070 !important;}.stk-f84d6e4 .stk-img-wrapper{width:100% !important;height:400px !important;}<\/style><figure><span class=\"stk-img-wrapper stk-image--shape-stretch\"><img loading=\"lazy\" decoding=\"async\" class=\"stk-img wp-image-2401\" src=\"https:\/\/www.guerande-camping.com\/wp-content\/uploads\/2026\/01\/salle-de-sport-camping-de-l-etang-guerande_resultat.webp\" width=\"1000\" height=\"844\" alt=\"Sports hall at Gu\u00e9rande campsite\" srcset=\"https:\/\/www.guerande-camping.com\/wp-content\/uploads\/2026\/01\/salle-de-sport-camping-de-l-etang-guerande_resultat.webp 1000w, https:\/\/www.guerande-camping.com\/wp-content\/uploads\/2026\/01\/salle-de-sport-camping-de-l-etang-guerande_resultat-300x253.webp 300w, https:\/\/www.guerande-camping.com\/wp-content\/uploads\/2026\/01\/salle-de-sport-camping-de-l-etang-guerande_resultat-768x648.webp 768w, https:\/\/www.guerande-camping.com\/wp-content\/uploads\/2026\/01\/salle-de-sport-camping-de-l-etang-guerande_resultat-14x12.webp 14w, https:\/\/www.guerande-camping.com\/wp-content\/uploads\/2026\/01\/salle-de-sport-camping-de-l-etang-guerande_resultat-500x422.webp 500w, https:\/\/www.guerande-camping.com\/wp-content\/uploads\/2026\/01\/salle-de-sport-camping-de-l-etang-guerande_resultat-800x675.webp 800w\" sizes=\"auto, (max-width: 1000px) 100vw, 1000px\" \/><\/span><\/figure><\/div>\n<\/div><\/div><\/div>\n\n\n\n<div class=\"wp-block-stackable-column stk-block-column stk-column stk-block stk-8c98049\" data-v=\"4\" data-block-id=\"8c98049\"><style>.stk-8c98049 {align-self:center !important;}.stk-8c98049-inner-blocks{justify-content:center !important;}<\/style><div class=\"stk-column-wrapper stk-block-column__content stk-container stk-8c98049-container stk--no-background stk--no-padding\"><div class=\"stk--column-flex stk-block-content stk-inner-blocks stk-8c98049-inner-blocks\">\n<div class=\"wp-block-stackable-text stk-block-text stk-block stk-646f0c5\" data-block-id=\"646f0c5\"><style>.stk-646f0c5 {align-items:center !important;display:flex !important;}.stk-646f0c5 .stk-block-text__text{font-size:1rem !important;font-weight:400 !important;font-family:\"Poppins\", Sans-serif !important;}@media screen and (max-width: 1023px){.stk-646f0c5 .stk-block-text__text{font-size:1rem !important;}}<\/style><p class=\"stk-block-text__text\">Our <strong>free fitness room<\/strong>, accessible to adults over 18, invites you to keep fit during your stay. To ensure the best possible experience, access is limited to 5 people at a time, and keys are available from reception.<\/p><\/div>\n\n\n\n<div class=\"wp-block-stackable-text stk-block-text stk-block stk-95e5d85\" data-block-id=\"95e5d85\"><p class=\"stk-block-text__text translation-block\">Whether you're a sports fan or a lover of relaxing moments, Camping de l'\u00c9tang has facilities to suit your preferences. Take advantage of this opportunity to look after your body and mind, all in <strong>an exceptional natural setting<\/strong>. Book now and get ready for a holiday balanced between <strong><a href=\"https:\/\/www.guerande-camping.com\/en\/les-animations-au-camping-de-letang-guerande\/\" data-type=\"page\" data-id=\"971\" target=\"_self\">activities<\/a> sports<\/strong> and moments of relaxation.<\/p><\/div>\n<\/div><\/div><\/div>\n<\/div><\/div>\n\n\n<div class=\"wp-block-visual-portfolio alignwide\">\n<div class=\"vp-portfolio vp-uid-fe909aff vp-id-27hTUX\"\n\tdata-vp-layout=\"justified\" data-vp-content-source=\"images\" data-vp-items-style=\"default\" data-vp-items-click-action=\"popup_gallery\" data-vp-items-gap=\"15\" data-vp-items-gap-vertical=\"\" data-vp-pagination=\"load-more\" data-vp-next-page-url=\"\" data-vp-justified-row-height=\"200\" data-vp-justified-row-height-tolerance=\"0.25\" data-vp-justified-max-rows-count=\"0\" data-vp-justified-last-row=\"center\" >\n\t<div class=\"vp-portfolio__preloader-wrap\">\n\t\t<div class=\"vp-portfolio__preloader\">\n\t\t\t<img decoding=\"async\" loading=\"eager\" src=\"https:\/\/www.guerande-camping.com\/wp-content\/plugins\/visual-portfolio\/assets\/images\/logo-dark.svg\" alt=\"Visual Portfolio, Posts &amp; Image Gallery for WordPress\" width=\"20\" height=\"20\" data-skip-lazy>\n\t\t<\/div>\n\t<\/div>\n\t\t<div class=\"vp-portfolio__items-wrap\">\n\t\t\t\n<div class=\"vp-portfolio__items vp-portfolio__items-style-default vp-portfolio__items-show-overlay-hover\">\n\n\t\t<div\t\tclass=\"vp-portfolio__item-wrap vp-portfolio__item-uid-2d44afac\" data-vp-filter=\"\" \t\t>\n\t\t\t<template class=\"vp-portfolio__item-popup\" style=\"display: none\" data-vp-popup-img=\"https:\/\/www.guerande-camping.com\/wp-content\/uploads\/2025\/12\/sport-camping-de-l-etang-loire-atlantique_resultat.webp\" data-vp-popup-img-srcset=\"https:\/\/www.guerande-camping.com\/wp-content\/uploads\/2025\/12\/sport-camping-de-l-etang-loire-atlantique_resultat.webp 1000w, https:\/\/www.guerande-camping.com\/wp-content\/uploads\/2025\/12\/sport-camping-de-l-etang-loire-atlantique_resultat-300x200.webp 300w, https:\/\/www.guerande-camping.com\/wp-content\/uploads\/2025\/12\/sport-camping-de-l-etang-loire-atlantique_resultat-768x511.webp 768w, https:\/\/www.guerande-camping.com\/wp-content\/uploads\/2025\/12\/sport-camping-de-l-etang-loire-atlantique_resultat-500x333.webp 500w, https:\/\/www.guerande-camping.com\/wp-content\/uploads\/2025\/12\/sport-camping-de-l-etang-loire-atlantique_resultat-800x533.webp 800w\" data-vp-popup-img-size=\"1000x666\" data-vp-popup-md-img=\"https:\/\/www.guerande-camping.com\/wp-content\/uploads\/2025\/12\/sport-camping-de-l-etang-loire-atlantique_resultat-800x533.webp\" data-vp-popup-md-img-size=\"800x533\" data-vp-popup-sm-img=\"https:\/\/www.guerande-camping.com\/wp-content\/uploads\/2025\/12\/sport-camping-de-l-etang-loire-atlantique_resultat-500x333.webp\" data-vp-popup-sm-img-size=\"500x333\">\n\t<\/template>\n\t\t\t\t\t\t<figure class=\"vp-portfolio__item\">\n\t\t\t\t\n<div class=\"vp-portfolio__item-img-wrap\">\n\t<div class=\"vp-portfolio__item-img\">\n\t\t\t<a\n\t\thref=\"https:\/\/www.guerande-camping.com\/wp-content\/uploads\/2025\/12\/sport-camping-de-l-etang-loire-atlantique_resultat.webp\"\n\t\taria-label=\"Open image\" \t>\n\t\n\t\t<noscript><img loading=\"lazy\" decoding=\"async\" width=\"1000\" height=\"666\" data-skip-lazy src=\"https:\/\/www.guerande-camping.com\/wp-content\/uploads\/2025\/12\/sport-camping-de-l-etang-loire-atlantique_resultat.webp\" class=\"wp-image-1246\" alt=\"sport and machine at camping de l&#039;\u00e9tang\" srcset=\"https:\/\/www.guerande-camping.com\/wp-content\/uploads\/2025\/12\/sport-camping-de-l-etang-loire-atlantique_resultat.webp 1000w, https:\/\/www.guerande-camping.com\/wp-content\/uploads\/2025\/12\/sport-camping-de-l-etang-loire-atlantique_resultat-300x200.webp 300w, https:\/\/www.guerande-camping.com\/wp-content\/uploads\/2025\/12\/sport-camping-de-l-etang-loire-atlantique_resultat-768x511.webp 768w, https:\/\/www.guerande-camping.com\/wp-content\/uploads\/2025\/12\/sport-camping-de-l-etang-loire-atlantique_resultat-500x333.webp 500w, https:\/\/www.guerande-camping.com\/wp-content\/uploads\/2025\/12\/sport-camping-de-l-etang-loire-atlantique_resultat-800x533.webp 800w\" sizes=\"auto, (max-width: 1000px) 100vw, 1000px\" \/><\/noscript><img fetchpriority=\"high\" decoding=\"async\" width=\"1000\" height=\"666\" src=\"https:\/\/www.guerande-camping.com\/wp-content\/uploads\/2025\/12\/sport-camping-de-l-etang-loire-atlantique_resultat.webp\" class=\"wp-image-1246 vp-lazyload\" alt=\"sport and machine at camping de l&#039;\u00e9tang\" srcset=\"data:image\/svg+xml;base64,PHN2ZyB3aWR0aD0iMTAwMCIgaGVpZ2h0PSI2NjYiIHZpZXdCb3g9IjAgMCAxMDAwIDY2NiIgZmlsbD0ibm9uZSIgeG1sbnM9Imh0dHA6Ly93d3cudzMub3JnLzIwMDAvc3ZnIj48L3N2Zz4=\" data-src=\"https:\/\/www.guerande-camping.com\/wp-content\/uploads\/2025\/12\/sport-camping-de-l-etang-loire-atlantique_resultat.webp\" data-srcset=\"https:\/\/www.guerande-camping.com\/wp-content\/uploads\/2025\/12\/sport-camping-de-l-etang-loire-atlantique_resultat.webp 1000w, https:\/\/www.guerande-camping.com\/wp-content\/uploads\/2025\/12\/sport-camping-de-l-etang-loire-atlantique_resultat-300x200.webp 300w, https:\/\/www.guerande-camping.com\/wp-content\/uploads\/2025\/12\/sport-camping-de-l-etang-loire-atlantique_resultat-768x511.webp 768w, https:\/\/www.guerande-camping.com\/wp-content\/uploads\/2025\/12\/sport-camping-de-l-etang-loire-atlantique_resultat-500x333.webp 500w, https:\/\/www.guerande-camping.com\/wp-content\/uploads\/2025\/12\/sport-camping-de-l-etang-loire-atlantique_resultat-800x533.webp 800w\" data-sizes=\"auto\" loading=\"eager\">\n\t\t<div class=\"vp-portfolio__item-overlay\">\n\t\t\t\t\t<\/div>\n\n\t\t<\/a>\t<\/div>\n<\/div>\n\n\t\t\t<\/figure>\n\t\t\t\t\t<\/div>\n\t\t\n\t\t<div\t\tclass=\"vp-portfolio__item-wrap vp-portfolio__item-uid-6723b68a\" data-vp-filter=\"\" \t\t>\n\t\t\t<template class=\"vp-portfolio__item-popup\" style=\"display: none\" data-vp-popup-img=\"https:\/\/www.guerande-camping.com\/wp-content\/uploads\/2025\/12\/photo-1788-31_w800_resultat.webp\" data-vp-popup-img-srcset=\"https:\/\/www.guerande-camping.com\/wp-content\/uploads\/2025\/12\/photo-1788-31_w800_resultat.webp 1000w, https:\/\/www.guerande-camping.com\/wp-content\/uploads\/2025\/12\/photo-1788-31_w800_resultat-300x200.webp 300w, https:\/\/www.guerande-camping.com\/wp-content\/uploads\/2025\/12\/photo-1788-31_w800_resultat-768x511.webp 768w, https:\/\/www.guerande-camping.com\/wp-content\/uploads\/2025\/12\/photo-1788-31_w800_resultat-500x333.webp 500w, https:\/\/www.guerande-camping.com\/wp-content\/uploads\/2025\/12\/photo-1788-31_w800_resultat-800x533.webp 800w\" data-vp-popup-img-size=\"1000x666\" data-vp-popup-md-img=\"https:\/\/www.guerande-camping.com\/wp-content\/uploads\/2025\/12\/photo-1788-31_w800_resultat-800x533.webp\" data-vp-popup-md-img-size=\"800x533\" data-vp-popup-sm-img=\"https:\/\/www.guerande-camping.com\/wp-content\/uploads\/2025\/12\/photo-1788-31_w800_resultat-500x333.webp\" data-vp-popup-sm-img-size=\"500x333\">\n\t<\/template>\n\t\t\t\t\t\t<figure class=\"vp-portfolio__item\">\n\t\t\t\t\n<div class=\"vp-portfolio__item-img-wrap\">\n\t<div class=\"vp-portfolio__item-img\">\n\t\t\t<a\n\t\thref=\"https:\/\/www.guerande-camping.com\/wp-content\/uploads\/2025\/12\/photo-1788-31_w800_resultat.webp\"\n\t\taria-label=\"Open image\" \t>\n\t\n\t\t<noscript><img loading=\"lazy\" decoding=\"async\" width=\"1000\" height=\"666\" data-skip-lazy src=\"https:\/\/www.guerande-camping.com\/wp-content\/uploads\/2025\/12\/photo-1788-31_w800_resultat.webp\" class=\"wp-image-1247\" alt=\"machines available at the l&#039;\u00e9tang campsite in gu\u00e9rande\" srcset=\"https:\/\/www.guerande-camping.com\/wp-content\/uploads\/2025\/12\/photo-1788-31_w800_resultat.webp 1000w, https:\/\/www.guerande-camping.com\/wp-content\/uploads\/2025\/12\/photo-1788-31_w800_resultat-300x200.webp 300w, https:\/\/www.guerande-camping.com\/wp-content\/uploads\/2025\/12\/photo-1788-31_w800_resultat-768x511.webp 768w, https:\/\/www.guerande-camping.com\/wp-content\/uploads\/2025\/12\/photo-1788-31_w800_resultat-500x333.webp 500w, https:\/\/www.guerande-camping.com\/wp-content\/uploads\/2025\/12\/photo-1788-31_w800_resultat-800x533.webp 800w\" sizes=\"auto, (max-width: 1000px) 100vw, 1000px\" \/><\/noscript><img decoding=\"async\" width=\"1000\" height=\"666\" src=\"https:\/\/www.guerande-camping.com\/wp-content\/uploads\/2025\/12\/photo-1788-31_w800_resultat.webp\" class=\"wp-image-1247 vp-lazyload\" alt=\"machines available at the l&#039;\u00e9tang campsite in gu\u00e9rande\" srcset=\"data:image\/svg+xml;base64,PHN2ZyB3aWR0aD0iMTAwMCIgaGVpZ2h0PSI2NjYiIHZpZXdCb3g9IjAgMCAxMDAwIDY2NiIgZmlsbD0ibm9uZSIgeG1sbnM9Imh0dHA6Ly93d3cudzMub3JnLzIwMDAvc3ZnIj48L3N2Zz4=\" data-src=\"https:\/\/www.guerande-camping.com\/wp-content\/uploads\/2025\/12\/photo-1788-31_w800_resultat.webp\" data-srcset=\"https:\/\/www.guerande-camping.com\/wp-content\/uploads\/2025\/12\/photo-1788-31_w800_resultat.webp 1000w, https:\/\/www.guerande-camping.com\/wp-content\/uploads\/2025\/12\/photo-1788-31_w800_resultat-300x200.webp 300w, https:\/\/www.guerande-camping.com\/wp-content\/uploads\/2025\/12\/photo-1788-31_w800_resultat-768x511.webp 768w, https:\/\/www.guerande-camping.com\/wp-content\/uploads\/2025\/12\/photo-1788-31_w800_resultat-500x333.webp 500w, https:\/\/www.guerande-camping.com\/wp-content\/uploads\/2025\/12\/photo-1788-31_w800_resultat-800x533.webp 800w\" data-sizes=\"auto\" loading=\"eager\">\n\t\t<div class=\"vp-portfolio__item-overlay\">\n\t\t\t\t\t<\/div>\n\n\t\t<\/a>\t<\/div>\n<\/div>\n\n\t\t\t<\/figure>\n\t\t\t\t\t<\/div>\n\t\t\n\t\t<div\t\tclass=\"vp-portfolio__item-wrap vp-portfolio__item-uid-b03cd1cb\" data-vp-filter=\"\" \t\t>\n\t\t\t<template class=\"vp-portfolio__item-popup\" style=\"display: none\" data-vp-popup-img=\"https:\/\/www.guerande-camping.com\/wp-content\/uploads\/2025\/12\/salle-de-sport-camping-de-letang-guerande-2_resultat.webp\" data-vp-popup-img-srcset=\"https:\/\/www.guerande-camping.com\/wp-content\/uploads\/2025\/12\/salle-de-sport-camping-de-letang-guerande-2_resultat.webp 1000w, https:\/\/www.guerande-camping.com\/wp-content\/uploads\/2025\/12\/salle-de-sport-camping-de-letang-guerande-2_resultat-300x225.webp 300w, https:\/\/www.guerande-camping.com\/wp-content\/uploads\/2025\/12\/salle-de-sport-camping-de-letang-guerande-2_resultat-768x576.webp 768w, https:\/\/www.guerande-camping.com\/wp-content\/uploads\/2025\/12\/salle-de-sport-camping-de-letang-guerande-2_resultat-500x375.webp 500w, https:\/\/www.guerande-camping.com\/wp-content\/uploads\/2025\/12\/salle-de-sport-camping-de-letang-guerande-2_resultat-800x600.webp 800w\" data-vp-popup-img-size=\"1000x750\" data-vp-popup-md-img=\"https:\/\/www.guerande-camping.com\/wp-content\/uploads\/2025\/12\/salle-de-sport-camping-de-letang-guerande-2_resultat-800x600.webp\" data-vp-popup-md-img-size=\"800x600\" data-vp-popup-sm-img=\"https:\/\/www.guerande-camping.com\/wp-content\/uploads\/2025\/12\/salle-de-sport-camping-de-letang-guerande-2_resultat-500x375.webp\" data-vp-popup-sm-img-size=\"500x375\">\n\t<\/template>\n\t\t\t\t\t\t<figure class=\"vp-portfolio__item\">\n\t\t\t\t\n<div class=\"vp-portfolio__item-img-wrap\">\n\t<div class=\"vp-portfolio__item-img\">\n\t\t\t<a\n\t\thref=\"https:\/\/www.guerande-camping.com\/wp-content\/uploads\/2025\/12\/salle-de-sport-camping-de-letang-guerande-2_resultat.webp\"\n\t\taria-label=\"Open image\" \t>\n\t\n\t\t<noscript><img loading=\"lazy\" decoding=\"async\" width=\"1000\" height=\"750\" data-skip-lazy src=\"https:\/\/www.guerande-camping.com\/wp-content\/uploads\/2025\/12\/salle-de-sport-camping-de-letang-guerande-2_resultat.webp\" class=\"wp-image-1248\" alt=\"sports and fitness room at the Etang campsite in Loire Atlantique\" srcset=\"https:\/\/www.guerande-camping.com\/wp-content\/uploads\/2025\/12\/salle-de-sport-camping-de-letang-guerande-2_resultat.webp 1000w, https:\/\/www.guerande-camping.com\/wp-content\/uploads\/2025\/12\/salle-de-sport-camping-de-letang-guerande-2_resultat-300x225.webp 300w, https:\/\/www.guerande-camping.com\/wp-content\/uploads\/2025\/12\/salle-de-sport-camping-de-letang-guerande-2_resultat-768x576.webp 768w, https:\/\/www.guerande-camping.com\/wp-content\/uploads\/2025\/12\/salle-de-sport-camping-de-letang-guerande-2_resultat-500x375.webp 500w, https:\/\/www.guerande-camping.com\/wp-content\/uploads\/2025\/12\/salle-de-sport-camping-de-letang-guerande-2_resultat-800x600.webp 800w\" sizes=\"auto, (max-width: 1000px) 100vw, 1000px\" \/><\/noscript><img decoding=\"async\" width=\"1000\" height=\"750\" src=\"https:\/\/www.guerande-camping.com\/wp-content\/uploads\/2025\/12\/salle-de-sport-camping-de-letang-guerande-2_resultat.webp\" class=\"wp-image-1248 vp-lazyload\" alt=\"sports and fitness room at the Etang campsite in Loire Atlantique\" srcset=\"data:image\/svg+xml;base64,PHN2ZyB3aWR0aD0iMTAwMCIgaGVpZ2h0PSI3NTAiIHZpZXdCb3g9IjAgMCAxMDAwIDc1MCIgZmlsbD0ibm9uZSIgeG1sbnM9Imh0dHA6Ly93d3cudzMub3JnLzIwMDAvc3ZnIj48L3N2Zz4=\" data-src=\"https:\/\/www.guerande-camping.com\/wp-content\/uploads\/2025\/12\/salle-de-sport-camping-de-letang-guerande-2_resultat.webp\" data-srcset=\"https:\/\/www.guerande-camping.com\/wp-content\/uploads\/2025\/12\/salle-de-sport-camping-de-letang-guerande-2_resultat.webp 1000w, https:\/\/www.guerande-camping.com\/wp-content\/uploads\/2025\/12\/salle-de-sport-camping-de-letang-guerande-2_resultat-300x225.webp 300w, https:\/\/www.guerande-camping.com\/wp-content\/uploads\/2025\/12\/salle-de-sport-camping-de-letang-guerande-2_resultat-768x576.webp 768w, https:\/\/www.guerande-camping.com\/wp-content\/uploads\/2025\/12\/salle-de-sport-camping-de-letang-guerande-2_resultat-500x375.webp 500w, https:\/\/www.guerande-camping.com\/wp-content\/uploads\/2025\/12\/salle-de-sport-camping-de-letang-guerande-2_resultat-800x600.webp 800w\" data-sizes=\"auto\" loading=\"eager\">\n\t\t<div class=\"vp-portfolio__item-overlay\">\n\t\t\t\t\t<\/div>\n\n\t\t<\/a>\t<\/div>\n<\/div>\n\n\t\t\t<\/figure>\n\t\t\t\t\t<\/div>\n\t\t\n\t\t<div\t\tclass=\"vp-portfolio__item-wrap vp-portfolio__item-uid-f3ed84c6\" data-vp-filter=\"\" \t\t>\n\t\t\t<template class=\"vp-portfolio__item-popup\" style=\"display: none\" data-vp-popup-img=\"https:\/\/www.guerande-camping.com\/wp-content\/uploads\/2025\/12\/sport-camping-de-l-etang-guerande_resultat.webp\" data-vp-popup-img-srcset=\"https:\/\/www.guerande-camping.com\/wp-content\/uploads\/2025\/12\/sport-camping-de-l-etang-guerande_resultat.webp 1000w, https:\/\/www.guerande-camping.com\/wp-content\/uploads\/2025\/12\/sport-camping-de-l-etang-guerande_resultat-300x200.webp 300w, https:\/\/www.guerande-camping.com\/wp-content\/uploads\/2025\/12\/sport-camping-de-l-etang-guerande_resultat-768x511.webp 768w, https:\/\/www.guerande-camping.com\/wp-content\/uploads\/2025\/12\/sport-camping-de-l-etang-guerande_resultat-500x333.webp 500w, https:\/\/www.guerande-camping.com\/wp-content\/uploads\/2025\/12\/sport-camping-de-l-etang-guerande_resultat-800x533.webp 800w\" data-vp-popup-img-size=\"1000x666\" data-vp-popup-md-img=\"https:\/\/www.guerande-camping.com\/wp-content\/uploads\/2025\/12\/sport-camping-de-l-etang-guerande_resultat-800x533.webp\" data-vp-popup-md-img-size=\"800x533\" data-vp-popup-sm-img=\"https:\/\/www.guerande-camping.com\/wp-content\/uploads\/2025\/12\/sport-camping-de-l-etang-guerande_resultat-500x333.webp\" data-vp-popup-sm-img-size=\"500x333\">\n\t<\/template>\n\t\t\t\t\t\t<figure class=\"vp-portfolio__item\">\n\t\t\t\t\n<div class=\"vp-portfolio__item-img-wrap\">\n\t<div class=\"vp-portfolio__item-img\">\n\t\t\t<a\n\t\thref=\"https:\/\/www.guerande-camping.com\/wp-content\/uploads\/2025\/12\/sport-camping-de-l-etang-guerande_resultat.webp\"\n\t\taria-label=\"Open image\" \t>\n\t\n\t\t<noscript><img loading=\"lazy\" decoding=\"async\" width=\"1000\" height=\"666\" data-skip-lazy src=\"https:\/\/www.guerande-camping.com\/wp-content\/uploads\/2025\/12\/sport-camping-de-l-etang-guerande_resultat.webp\" class=\"wp-image-1245\" alt=\"fitness room\" srcset=\"https:\/\/www.guerande-camping.com\/wp-content\/uploads\/2025\/12\/sport-camping-de-l-etang-guerande_resultat.webp 1000w, https:\/\/www.guerande-camping.com\/wp-content\/uploads\/2025\/12\/sport-camping-de-l-etang-guerande_resultat-300x200.webp 300w, https:\/\/www.guerande-camping.com\/wp-content\/uploads\/2025\/12\/sport-camping-de-l-etang-guerande_resultat-768x511.webp 768w, https:\/\/www.guerande-camping.com\/wp-content\/uploads\/2025\/12\/sport-camping-de-l-etang-guerande_resultat-500x333.webp 500w, https:\/\/www.guerande-camping.com\/wp-content\/uploads\/2025\/12\/sport-camping-de-l-etang-guerande_resultat-800x533.webp 800w\" sizes=\"auto, (max-width: 1000px) 100vw, 1000px\" \/><\/noscript><img decoding=\"async\" width=\"1000\" height=\"666\" src=\"https:\/\/www.guerande-camping.com\/wp-content\/uploads\/2025\/12\/sport-camping-de-l-etang-guerande_resultat.webp\" class=\"wp-image-1245 vp-lazyload\" alt=\"fitness room\" srcset=\"data:image\/svg+xml;base64,PHN2ZyB3aWR0aD0iMTAwMCIgaGVpZ2h0PSI2NjYiIHZpZXdCb3g9IjAgMCAxMDAwIDY2NiIgZmlsbD0ibm9uZSIgeG1sbnM9Imh0dHA6Ly93d3cudzMub3JnLzIwMDAvc3ZnIj48L3N2Zz4=\" data-src=\"https:\/\/www.guerande-camping.com\/wp-content\/uploads\/2025\/12\/sport-camping-de-l-etang-guerande_resultat.webp\" data-srcset=\"https:\/\/www.guerande-camping.com\/wp-content\/uploads\/2025\/12\/sport-camping-de-l-etang-guerande_resultat.webp 1000w, https:\/\/www.guerande-camping.com\/wp-content\/uploads\/2025\/12\/sport-camping-de-l-etang-guerande_resultat-300x200.webp 300w, https:\/\/www.guerande-camping.com\/wp-content\/uploads\/2025\/12\/sport-camping-de-l-etang-guerande_resultat-768x511.webp 768w, https:\/\/www.guerande-camping.com\/wp-content\/uploads\/2025\/12\/sport-camping-de-l-etang-guerande_resultat-500x333.webp 500w, https:\/\/www.guerande-camping.com\/wp-content\/uploads\/2025\/12\/sport-camping-de-l-etang-guerande_resultat-800x533.webp 800w\" data-sizes=\"auto\" loading=\"eager\">\n\t\t<div class=\"vp-portfolio__item-overlay\">\n\t\t\t\t\t<\/div>\n\n\t\t<\/a>\t<\/div>\n<\/div>\n\n\t\t\t<\/figure>\n\t\t\t\t\t<\/div>\n\t\t\n<\/div>\n\t\t<\/div>\n\t\t\n<\/div>\n<\/div>\n\n\n<div class=\"wp-block-stackable-spacer stk-block-spacer stk--no-padding stk-block stk-2a2d5b7\" data-block-id=\"2a2d5b7\"><\/div>","protected":false},"excerpt":{"rendered":"<p>Notre salle de fitness gratuite, accessible aux personnes majeures de plus de 18 ans, vous invite \u00e0 maintenir votre forme pendant votre s\u00e9jour. Pour garantir une exp\u00e9rience optimale, l\u2019acc\u00e8s est limit\u00e9 \u00e0 5 personnes simultan\u00e9ment, et les cl\u00e9s sont disponibles \u00e0 la r\u00e9ception. Que vous soyez un adepte du sport ou un amateur de moments [&hellip;]<\/p>\n","protected":false},"author":2,"featured_media":1311,"parent":0,"menu_order":0,"comment_status":"closed","ping_status":"closed","template":"","meta":{"_acf_changed":false,"_seopress_robots_primary_cat":"","_seopress_titles_title":"Camping avec Salle de Sport \u00e0 Gu\u00e9rande","_seopress_titles_desc":"Gardez la forme pendant vos vacances ! Profitez de notre salle de sport \u00e9quip\u00e9e (cardio, musculation) en acc\u00e8s libre pour nos r\u00e9sidents au camping.","_seopress_robots_index":"","_seopress_analysis_target_kw":"salle,sport,fitness,vacances,forme,\u00e9quip\u00e9e,gu\u00e9rande","_vp_format_video_url":"","_vp_image_focal_point":[],"footnotes":""},"class_list":["post-861","page","type-page","status-publish","has-post-thumbnail","hentry"],"acf":[],"_links":{"self":[{"href":"https:\/\/www.guerande-camping.com\/en\/wp-json\/wp\/v2\/pages\/861","targetHints":{"allow":["GET"]}}],"collection":[{"href":"https:\/\/www.guerande-camping.com\/en\/wp-json\/wp\/v2\/pages"}],"about":[{"href":"https:\/\/www.guerande-camping.com\/en\/wp-json\/wp\/v2\/types\/page"}],"author":[{"embeddable":true,"href":"https:\/\/www.guerande-camping.com\/en\/wp-json\/wp\/v2\/users\/2"}],"replies":[{"embeddable":true,"href":"https:\/\/www.guerande-camping.com\/en\/wp-json\/wp\/v2\/comments?post=861"}],"version-history":[{"count":10,"href":"https:\/\/www.guerande-camping.com\/en\/wp-json\/wp\/v2\/pages\/861\/revisions"}],"predecessor-version":[{"id":2767,"href":"https:\/\/www.guerande-camping.com\/en\/wp-json\/wp\/v2\/pages\/861\/revisions\/2767"}],"wp:featuredmedia":[{"embeddable":true,"href":"https:\/\/www.guerande-camping.com\/en\/wp-json\/wp\/v2\/media\/1311"}],"wp:attachment":[{"href":"https:\/\/www.guerande-camping.com\/en\/wp-json\/wp\/v2\/media?parent=861"}],"curies":[{"name":"WordPress","href":"https:\/\/api.w.org\/{rel}","templated":true}]}}